{"id":7194,"date":"2025-10-31T16:49:32","date_gmt":"2025-10-31T16:49:32","guid":{"rendered":"https:\/\/rcater.es\/product\/bandeja-12-mini-brioches-pulled-a-dos-tiempos-pork-bbq-cordero-con-cabra\/"},"modified":"2025-11-05T10:56:29","modified_gmt":"2025-11-05T10:56:29","slug":"bandeja-12-mini-brioches-pulled-a-dos-tiempos-pork-bbq-cordero-con-cabra","status":"publish","type":"product","link":"https:\/\/rcater.es\/en\/product\/bandeja-12-mini-brioches-pulled-a-dos-tiempos-pork-bbq-cordero-con-cabra\/","title":{"rendered":"Bandeja 12 Mini Brioches \u00abPulled a Dos Tiempos\u00bb \u2014 Pork BBQ &#038; Cordero con cabra"},"content":{"rendered":"<p>Variedad contundente en formato mini para compartir sin complicaciones. Elaboramos cada bandeja por la ma\u00f1ana en nuestro obrador de Madrid.<\/p>\n<ul>\n<li><strong>6 Mini Brioches Pulled Pork<\/strong>: pulled de cerdo, lechuga, cebolla caramelizada y salsa barbacoa.<\/li>\n<li><strong>6 Mini Brioches Pulled Lamb<\/strong>: pulled de cordero, queso de cabra y cebolla crujiente.<\/li>\n<\/ul>\n<p><strong>Al\u00e9rgenos (UE 1169\/2011):<\/strong> contiene gluten, huevo y leche.<\/p>\n<p><em>Pedidos web de lunes a viernes; para fines de semana, cons\u00faltanos. Antelaci\u00f3n m\u00ednima 48&nbsp;h.<\/em><\/p>\n<ul>\n<li>Pan de brioche tierno; rellenos jugosos.<\/li>\n<li>Sabor ahumado y contraste crujiente.<\/li>\n<li>Listos para abrir y servir en 2 minutos.<\/li>\n<li>Entrega puntual en Madrid ciudad.<\/li>\n<\/ul>","protected":false},"excerpt":{"rendered":"<p>Doce brioches de bocado: 6 de pulled pork con barbacoa y 6 de pulled de cordero con queso de cabra. Hechos a diario en Madrid.<\/p>","protected":false},"featured_media":7196,"template":"","meta":{"site-sidebar-layout":"default","site-content-layout":"","ast-site-content-layout":"default","site-content-style":"default","site-sidebar-style":"default","ast-global-header-display":"","ast-banner-title-visibility":"","ast-main-header-display":"","ast-hfb-above-header-display":"","ast-hfb-below-header-display":"","ast-hfb-mobile-header-display":"","site-post-title":"","ast-breadcrumbs-content":"","ast-featured-img":"","footer-sml-layout":"","theme-transparent-header-meta":"default","adv-header-id-meta":"","stick-header-meta":"","header-above-stick-meta":"","header-main-stick-meta":"","header-below-stick-meta":"","astra-migrate-meta-layouts":"set","ast-page-background-enabled":"default","ast-page-background-meta":{"desktop":{"background-color":"","background-image":"","background-repeat":"repeat","background-position":"center center","background-size":"auto","background-attachment":"scroll","background-type":"","background-media":"","overlay-type":"","overlay-color":"","overlay-opacity":"","overlay-gradient":""},"tablet":{"background-color":"","background-image":"","background-repeat":"repeat","background-position":"center center","background-size":"auto","background-attachment":"scroll","background-type":"","background-media":"","overlay-type":"","overlay-color":"","overlay-opacity":"","overlay-gradient":""},"mobile":{"background-color":"","background-image":"","background-repeat":"repeat","background-position":"center center","background-size":"auto","background-attachment":"scroll","background-type":"","background-media":"","overlay-type":"","overlay-color":"","overlay-opacity":"","overlay-gradient":""}},"ast-content-background-meta":{"desktop":{"background-color":"var(--ast-global-color-5)","background-image":"","background-repeat":"repeat","background-position":"center center","background-size":"auto","background-attachment":"scroll","background-type":"","background-media":"","overlay-type":"","overlay-color":"","overlay-opacity":"","overlay-gradient":""},"tablet":{"background-color":"var(--ast-global-color-5)","background-image":"","background-repeat":"repeat","background-position":"center center","background-size":"auto","background-attachment":"scroll","background-type":"","background-media":"","overlay-type":"","overlay-color":"","overlay-opacity":"","overlay-gradient":""},"mobile":{"background-color":"var(--ast-global-color-5)","background-image":"","background-repeat":"repeat","background-position":"center center","background-size":"auto","background-attachment":"scroll","background-type":"","background-media":"","overlay-type":"","overlay-color":"","overlay-opacity":"","overlay-gradient":""}}},"product_brand":[],"product_cat":[89,325],"product_tag":[],"class_list":{"0":"post-7194","1":"product","2":"type-product","3":"status-publish","4":"has-post-thumbnail","6":"product_cat-bandejas-picoteo","7":"product_cat-bocadillos-sandwiches","8":"desktop-align-left","9":"tablet-align-left","10":"mobile-align-left","12":"first","13":"instock","14":"purchasable","15":"product-type-simple"},"_links":{"self":[{"href":"https:\/\/rcater.es\/en\/wp-json\/wp\/v2\/product\/7194","targetHints":{"allow":["GET"]}}],"collection":[{"href":"https:\/\/rcater.es\/en\/wp-json\/wp\/v2\/product"}],"about":[{"href":"https:\/\/rcater.es\/en\/wp-json\/wp\/v2\/types\/product"}],"version-history":[{"count":3,"href":"https:\/\/rcater.es\/en\/wp-json\/wp\/v2\/product\/7194\/revisions"}],"predecessor-version":[{"id":7198,"href":"https:\/\/rcater.es\/en\/wp-json\/wp\/v2\/product\/7194\/revisions\/7198"}],"wp:featuredmedia":[{"embeddable":true,"href":"https:\/\/rcater.es\/en\/wp-json\/wp\/v2\/media\/7196"}],"wp:attachment":[{"href":"https:\/\/rcater.es\/en\/wp-json\/wp\/v2\/media?parent=7194"}],"wp:term":[{"taxonomy":"product_brand","embeddable":true,"href":"https:\/\/rcater.es\/en\/wp-json\/wp\/v2\/product_brand?post=7194"},{"taxonomy":"product_cat","embeddable":true,"href":"https:\/\/rcater.es\/en\/wp-json\/wp\/v2\/product_cat?post=7194"},{"taxonomy":"product_tag","embeddable":true,"href":"https:\/\/rcater.es\/en\/wp-json\/wp\/v2\/product_tag?post=7194"}],"curies":[{"name":"wp","href":"https:\/\/api.w.org\/{rel}","templated":true}]}}