{"id":7266,"date":"2025-11-01T14:16:31","date_gmt":"2025-11-01T14:16:31","guid":{"rendered":"https:\/\/rcater.es\/product\/bandeja-12-mini-croissants-salados-pavo-aguacate-salmon-con-queso-crema-y-brotes\/"},"modified":"2025-11-05T10:56:28","modified_gmt":"2025-11-05T10:56:28","slug":"bandeja-12-mini-croissants-salados-pavo-aguacate-salmon-con-queso-crema-y-brotes","status":"publish","type":"product","link":"https:\/\/rcater.es\/en\/product\/bandeja-12-mini-croissants-salados-pavo-aguacate-salmon-con-queso-crema-y-brotes\/","title":{"rendered":"Bandeja 12 Mini Croissants Salados \u2014 pavo &#038; aguacate, salm\u00f3n con queso crema y brotes"},"content":{"rendered":"<p>Una bandeja vers\u00e1til y muy fresca en formato <em>finger food<\/em>, perfecta para reuniones y pausas de equipo. La preparamos a diario en nuestro obrador de Madrid.<\/p>\n<ul>\n<li><strong>6 Mini Croissants Pavo &amp; Aguacate<\/strong>: pavo loncheado y aguacate.<\/li>\n<li><strong>6 Mini Croissants Salm\u00f3n &amp; Queso Crema<\/strong>: salm\u00f3n, queso crema y brotes de alfalfa.<\/li>\n<\/ul>\n<p><strong>Al\u00e9rgenos (UE 1169\/2011):<\/strong> gluten, leche, pescado. <em>Puede contener<\/em> huevo.<\/p>\n<p><em>Pedidos web de lunes a viernes; para fines de semana, cons\u00faltanos. Antelaci\u00f3n m\u00ednima 48\u00a0h.<\/em><\/p>\n<ul>\n<li>Formato bocado \u2014 abrir y servir.<\/li>\n<li>Ideal para oficinas y eventos en Madrid.<\/li>\n<li>Entrega puntual en Madrid ciudad.<\/li>\n<\/ul>","protected":false},"excerpt":{"rendered":"<p>Doce mini croissants salados: pavo con aguacate; salm\u00f3n con queso crema y brotes. Horneados cada ma\u00f1ana en Madrid.<\/p>","protected":false},"featured_media":7282,"template":"","meta":{"site-sidebar-layout":"default","site-content-layout":"","ast-site-content-layout":"default","site-content-style":"default","site-sidebar-style":"default","ast-global-header-display":"","ast-banner-title-visibility":"","ast-main-header-display":"","ast-hfb-above-header-display":"","ast-hfb-below-header-display":"","ast-hfb-mobile-header-display":"","site-post-title":"","ast-breadcrumbs-content":"","ast-featured-img":"","footer-sml-layout":"","theme-transparent-header-meta":"default","adv-header-id-meta":"","stick-header-meta":"","header-above-stick-meta":"","header-main-stick-meta":"","header-below-stick-meta":"","astra-migrate-meta-layouts":"set","ast-page-background-enabled":"default","ast-page-background-meta":{"desktop":{"background-color":"","background-image":"","background-repeat":"repeat","background-position":"center center","background-size":"auto","background-attachment":"scroll","background-type":"","background-media":"","overlay-type":"","overlay-color":"","overlay-opacity":"","overlay-gradient":""},"tablet":{"background-color":"","background-image":"","background-repeat":"repeat","background-position":"center center","background-size":"auto","background-attachment":"scroll","background-type":"","background-media":"","overlay-type":"","overlay-color":"","overlay-opacity":"","overlay-gradient":""},"mobile":{"background-color":"","background-image":"","background-repeat":"repeat","background-position":"center center","background-size":"auto","background-attachment":"scroll","background-type":"","background-media":"","overlay-type":"","overlay-color":"","overlay-opacity":"","overlay-gradient":""}},"ast-content-background-meta":{"desktop":{"background-color":"var(--ast-global-color-5)","background-image":"","background-repeat":"repeat","background-position":"center center","background-size":"auto","background-attachment":"scroll","background-type":"","background-media":"","overlay-type":"","overlay-color":"","overlay-opacity":"","overlay-gradient":""},"tablet":{"background-color":"var(--ast-global-color-5)","background-image":"","background-repeat":"repeat","background-position":"center center","background-size":"auto","background-attachment":"scroll","background-type":"","background-media":"","overlay-type":"","overlay-color":"","overlay-opacity":"","overlay-gradient":""},"mobile":{"background-color":"var(--ast-global-color-5)","background-image":"","background-repeat":"repeat","background-position":"center center","background-size":"auto","background-attachment":"scroll","background-type":"","background-media":"","overlay-type":"","overlay-color":"","overlay-opacity":"","overlay-gradient":""}}},"product_brand":[],"product_cat":[89,325],"product_tag":[179,126],"class_list":{"0":"post-7266","1":"product","2":"type-product","3":"status-publish","4":"has-post-thumbnail","6":"product_cat-bandejas-picoteo","7":"product_cat-bocadillos-sandwiches","8":"product_tag-pavo","9":"product_tag-salmon","10":"desktop-align-left","11":"tablet-align-left","12":"mobile-align-left","14":"first","15":"instock","16":"purchasable","17":"product-type-simple"},"_links":{"self":[{"href":"https:\/\/rcater.es\/en\/wp-json\/wp\/v2\/product\/7266","targetHints":{"allow":["GET"]}}],"collection":[{"href":"https:\/\/rcater.es\/en\/wp-json\/wp\/v2\/product"}],"about":[{"href":"https:\/\/rcater.es\/en\/wp-json\/wp\/v2\/types\/product"}],"version-history":[{"count":2,"href":"https:\/\/rcater.es\/en\/wp-json\/wp\/v2\/product\/7266\/revisions"}],"predecessor-version":[{"id":7283,"href":"https:\/\/rcater.es\/en\/wp-json\/wp\/v2\/product\/7266\/revisions\/7283"}],"wp:featuredmedia":[{"embeddable":true,"href":"https:\/\/rcater.es\/en\/wp-json\/wp\/v2\/media\/7282"}],"wp:attachment":[{"href":"https:\/\/rcater.es\/en\/wp-json\/wp\/v2\/media?parent=7266"}],"wp:term":[{"taxonomy":"product_brand","embeddable":true,"href":"https:\/\/rcater.es\/en\/wp-json\/wp\/v2\/product_brand?post=7266"},{"taxonomy":"product_cat","embeddable":true,"href":"https:\/\/rcater.es\/en\/wp-json\/wp\/v2\/product_cat?post=7266"},{"taxonomy":"product_tag","embeddable":true,"href":"https:\/\/rcater.es\/en\/wp-json\/wp\/v2\/product_tag?post=7266"}],"curies":[{"name":"wp","href":"https:\/\/api.w.org\/{rel}","templated":true}]}}