{"id":7298,"date":"2025-11-01T17:59:39","date_gmt":"2025-11-01T17:59:39","guid":{"rendered":"https:\/\/rcater.es\/product\/bandeja-12-croquetas-premium-pato-teriyaki-vaca-vieja\/"},"modified":"2025-11-05T10:56:27","modified_gmt":"2025-11-05T10:56:27","slug":"bandeja-12-croquetas-premium-pato-teriyaki-vaca-vieja","status":"publish","type":"product","link":"https:\/\/rcater.es\/en\/product\/bandeja-12-croquetas-premium-pato-teriyaki-vaca-vieja\/","title":{"rendered":"Bandeja 12 Croquetas Premium \u2014 pato teriyaki &#038; vaca vieja"},"content":{"rendered":"<p>Nuestra selecci\u00f3n <strong>premium<\/strong> de croquetas artesanas en formato bandeja. Una mitad combina <em>pato teriyaki<\/em> con shiitake; la otra, <em>vaca vieja<\/em> con cecina. Rebozado fino y centro cremoso: abrir y servir.<\/p>\n<ul>\n<li>12 unidades \u2014 6 de pato teriyaki &amp; shiitake + 6 de vaca vieja &amp; cecina.<\/li>\n<li>Elaboradas a diario en nuestro obrador de Madrid.<\/li>\n<li>Perfectas para <em>picoteo<\/em>, reuniones y coffee breaks.<\/li>\n<\/ul>\n<p><strong>Al\u00e9rgenos (UE 1169\/2011):<\/strong> gluten, leche, huevo, soja. <em>Puede contener<\/em> s\u00e9samo.<\/p>\n<p><em>Pedidos web de lunes a viernes; para fines de semana, cons\u00faltanos. Antelaci\u00f3n m\u00ednima 48\u00a0h.<\/em><\/p>\n<ul>\n<li>Entrega puntual en Madrid ciudad.<\/li>\n<\/ul>","protected":false},"excerpt":{"rendered":"<p>Doce croquetas artesanas: 6 de pato teriyaki con shiitake y 6 de vaca vieja con cecina. Crujientes por fuera y cremosas por dentro. Listas para tu evento en Madrid.<\/p>","protected":false},"featured_media":7305,"template":"","meta":{"site-sidebar-layout":"default","site-content-layout":"","ast-site-content-layout":"default","site-content-style":"default","site-sidebar-style":"default","ast-global-header-display":"","ast-banner-title-visibility":"","ast-main-header-display":"","ast-hfb-above-header-display":"","ast-hfb-below-header-display":"","ast-hfb-mobile-header-display":"","site-post-title":"","ast-breadcrumbs-content":"","ast-featured-img":"","footer-sml-layout":"","theme-transparent-header-meta":"default","adv-header-id-meta":"","stick-header-meta":"","header-above-stick-meta":"","header-main-stick-meta":"","header-below-stick-meta":"","astra-migrate-meta-layouts":"set","ast-page-background-enabled":"default","ast-page-background-meta":{"desktop":{"background-color":"","background-image":"","background-repeat":"repeat","background-position":"center center","background-size":"auto","background-attachment":"scroll","background-type":"","background-media":"","overlay-type":"","overlay-color":"","overlay-opacity":"","overlay-gradient":""},"tablet":{"background-color":"","background-image":"","background-repeat":"repeat","background-position":"center center","background-size":"auto","background-attachment":"scroll","background-type":"","background-media":"","overlay-type":"","overlay-color":"","overlay-opacity":"","overlay-gradient":""},"mobile":{"background-color":"","background-image":"","background-repeat":"repeat","background-position":"center center","background-size":"auto","background-attachment":"scroll","background-type":"","background-media":"","overlay-type":"","overlay-color":"","overlay-opacity":"","overlay-gradient":""}},"ast-content-background-meta":{"desktop":{"background-color":"var(--ast-global-color-5)","background-image":"","background-repeat":"repeat","background-position":"center center","background-size":"auto","background-attachment":"scroll","background-type":"","background-media":"","overlay-type":"","overlay-color":"","overlay-opacity":"","overlay-gradient":""},"tablet":{"background-color":"var(--ast-global-color-5)","background-image":"","background-repeat":"repeat","background-position":"center center","background-size":"auto","background-attachment":"scroll","background-type":"","background-media":"","overlay-type":"","overlay-color":"","overlay-opacity":"","overlay-gradient":""},"mobile":{"background-color":"var(--ast-global-color-5)","background-image":"","background-repeat":"repeat","background-position":"center center","background-size":"auto","background-attachment":"scroll","background-type":"","background-media":"","overlay-type":"","overlay-color":"","overlay-opacity":"","overlay-gradient":""}}},"product_brand":[],"product_cat":[89,326],"product_tag":[],"class_list":{"0":"post-7298","1":"product","2":"type-product","3":"status-publish","4":"has-post-thumbnail","6":"product_cat-bandejas-picoteo","7":"product_cat-tapas-pinchos","8":"desktop-align-left","9":"tablet-align-left","10":"mobile-align-left","12":"first","13":"instock","14":"purchasable","15":"product-type-simple"},"_links":{"self":[{"href":"https:\/\/rcater.es\/en\/wp-json\/wp\/v2\/product\/7298","targetHints":{"allow":["GET"]}}],"collection":[{"href":"https:\/\/rcater.es\/en\/wp-json\/wp\/v2\/product"}],"about":[{"href":"https:\/\/rcater.es\/en\/wp-json\/wp\/v2\/types\/product"}],"version-history":[{"count":2,"href":"https:\/\/rcater.es\/en\/wp-json\/wp\/v2\/product\/7298\/revisions"}],"predecessor-version":[{"id":7306,"href":"https:\/\/rcater.es\/en\/wp-json\/wp\/v2\/product\/7298\/revisions\/7306"}],"wp:featuredmedia":[{"embeddable":true,"href":"https:\/\/rcater.es\/en\/wp-json\/wp\/v2\/media\/7305"}],"wp:attachment":[{"href":"https:\/\/rcater.es\/en\/wp-json\/wp\/v2\/media?parent=7298"}],"wp:term":[{"taxonomy":"product_brand","embeddable":true,"href":"https:\/\/rcater.es\/en\/wp-json\/wp\/v2\/product_brand?post=7298"},{"taxonomy":"product_cat","embeddable":true,"href":"https:\/\/rcater.es\/en\/wp-json\/wp\/v2\/product_cat?post=7298"},{"taxonomy":"product_tag","embeddable":true,"href":"https:\/\/rcater.es\/en\/wp-json\/wp\/v2\/product_tag?post=7298"}],"curies":[{"name":"wp","href":"https:\/\/api.w.org\/{rel}","templated":true}]}}