{"id":7337,"date":"2025-11-02T11:05:00","date_gmt":"2025-11-02T11:05:00","guid":{"rendered":"https:\/\/rcater.es\/product\/combo-obrador-madrid-48-piezas-brioches-chapateras-iberico-croquetas-y-rosendos\/"},"modified":"2025-11-04T19:52:56","modified_gmt":"2025-11-04T19:52:56","slug":"combo-obrador-48-piezas-brioches-chapateras-iberico-croquetas-y-rosendos","status":"publish","type":"product","link":"https:\/\/rcater.es\/en\/product\/combo-obrador-48-piezas-brioches-chapateras-iberico-croquetas-y-rosendos\/","title":{"rendered":"Combo Obrador \u2014 48 piezas (brioches, chapateras ib\u00e9rico, croquetas y rosendos)"},"content":{"rendered":"<p>Un combo pr\u00e1ctico para aperitivos: piezas saladas variadas y listas para servir, con todo el material de un solo uso.<\/p>\n<ul>\n<li>1 bandeja de 12 mini brioches variados.<\/li>\n<li>1 bandeja de 12 croquetas variadas (jam\u00f3n y cocido).<\/li>\n<li>1 bandeja de 12 chapateras crujientes de ib\u00e9rico.<\/li>\n<li>1 bandeja de 12 rosendos variados.<\/li>\n<\/ul>\n<p><strong>Log\u00edstica:<\/strong> pedidos web L\u2013V. Entrega con 24\u00a0h de antelaci\u00f3n. Material desechable incluido.<\/p>\n<p><strong>Al\u00e9rgenos (UE 1169\/2011):<\/strong> gluten, huevo, leche. <em>Puede contener<\/em> frutos secos, soja y s\u00e9samo (trazas).<\/p>\n<p><strong>Conservaci\u00f3n y servicio:<\/strong> croquetas: horno 160\u2013180\u00a0\u00b0C, 5\u20138\u00a0min. Chapateras y brioches: 0\u20134\u00a0\u00b0C y templar o servir a temperatura ambiente. Consumir en el d\u00eda.<\/p>","protected":false},"excerpt":{"rendered":"<p>Combo salado listo para compartir: 48 piezas en 4 bandejas de 12 \u2014 mini brioches variados, croquetas (jam\u00f3n y cocido), chapateras crujientes de ib\u00e9rico y rosendos variados. Ideal para aperitivos y pausas. Antelaci\u00f3n m\u00ednima 24 h. Material desechable incluido.<\/p>","protected":false},"featured_media":7358,"template":"","meta":{"site-sidebar-layout":"default","site-content-layout":"","ast-site-content-layout":"default","site-content-style":"default","site-sidebar-style":"default","ast-global-header-display":"","ast-banner-title-visibility":"","ast-main-header-display":"","ast-hfb-above-header-display":"","ast-hfb-below-header-display":"","ast-hfb-mobile-header-display":"","site-post-title":"","ast-breadcrumbs-content":"","ast-featured-img":"","footer-sml-layout":"","theme-transparent-header-meta":"default","adv-header-id-meta":"","stick-header-meta":"","header-above-stick-meta":"","header-main-stick-meta":"","header-below-stick-meta":"","astra-migrate-meta-layouts":"set","ast-page-background-enabled":"default","ast-page-background-meta":{"desktop":{"background-color":"","background-image":"","background-repeat":"repeat","background-position":"center center","background-size":"auto","background-attachment":"scroll","background-type":"","background-media":"","overlay-type":"","overlay-color":"","overlay-opacity":"","overlay-gradient":""},"tablet":{"background-color":"","background-image":"","background-repeat":"repeat","background-position":"center center","background-size":"auto","background-attachment":"scroll","background-type":"","background-media":"","overlay-type":"","overlay-color":"","overlay-opacity":"","overlay-gradient":""},"mobile":{"background-color":"","background-image":"","background-repeat":"repeat","background-position":"center center","background-size":"auto","background-attachment":"scroll","background-type":"","background-media":"","overlay-type":"","overlay-color":"","overlay-opacity":"","overlay-gradient":""}},"ast-content-background-meta":{"desktop":{"background-color":"var(--ast-global-color-5)","background-image":"","background-repeat":"repeat","background-position":"center center","background-size":"auto","background-attachment":"scroll","background-type":"","background-media":"","overlay-type":"","overlay-color":"","overlay-opacity":"","overlay-gradient":""},"tablet":{"background-color":"var(--ast-global-color-5)","background-image":"","background-repeat":"repeat","background-position":"center center","background-size":"auto","background-attachment":"scroll","background-type":"","background-media":"","overlay-type":"","overlay-color":"","overlay-opacity":"","overlay-gradient":""},"mobile":{"background-color":"var(--ast-global-color-5)","background-image":"","background-repeat":"repeat","background-position":"center center","background-size":"auto","background-attachment":"scroll","background-type":"","background-media":"","overlay-type":"","overlay-color":"","overlay-opacity":"","overlay-gradient":""}}},"product_brand":[],"product_cat":[89,325,331,328,326],"product_tag":[327],"class_list":{"0":"post-7337","1":"product","2":"type-product","3":"status-publish","4":"has-post-thumbnail","6":"product_cat-bandejas-picoteo","7":"product_cat-bocadillos-sandwiches","8":"product_cat-horneados-salados","9":"product_cat-packs-para-grupos","10":"product_cat-tapas-pinchos","11":"product_tag-con-jamon","12":"desktop-align-left","13":"tablet-align-left","14":"mobile-align-left","16":"first","17":"instock","18":"purchasable","19":"product-type-simple"},"_links":{"self":[{"href":"https:\/\/rcater.es\/en\/wp-json\/wp\/v2\/product\/7337","targetHints":{"allow":["GET"]}}],"collection":[{"href":"https:\/\/rcater.es\/en\/wp-json\/wp\/v2\/product"}],"about":[{"href":"https:\/\/rcater.es\/en\/wp-json\/wp\/v2\/types\/product"}],"version-history":[{"count":3,"href":"https:\/\/rcater.es\/en\/wp-json\/wp\/v2\/product\/7337\/revisions"}],"predecessor-version":[{"id":7359,"href":"https:\/\/rcater.es\/en\/wp-json\/wp\/v2\/product\/7337\/revisions\/7359"}],"wp:featuredmedia":[{"embeddable":true,"href":"https:\/\/rcater.es\/en\/wp-json\/wp\/v2\/media\/7358"}],"wp:attachment":[{"href":"https:\/\/rcater.es\/en\/wp-json\/wp\/v2\/media?parent=7337"}],"wp:term":[{"taxonomy":"product_brand","embeddable":true,"href":"https:\/\/rcater.es\/en\/wp-json\/wp\/v2\/product_brand?post=7337"},{"taxonomy":"product_cat","embeddable":true,"href":"https:\/\/rcater.es\/en\/wp-json\/wp\/v2\/product_cat?post=7337"},{"taxonomy":"product_tag","embeddable":true,"href":"https:\/\/rcater.es\/en\/wp-json\/wp\/v2\/product_tag?post=7337"}],"curies":[{"name":"wp","href":"https:\/\/api.w.org\/{rel}","templated":true}]}}