{"id":7354,"date":"2025-11-02T11:05:00","date_gmt":"2025-11-02T11:05:00","guid":{"rendered":"https:\/\/rcater.es\/product\/bandeja-de-pan-de-cristal-con-jamon-iberico-8-raciones\/"},"modified":"2025-11-08T16:46:49","modified_gmt":"2025-11-08T16:46:49","slug":"bandeja-de-pan-de-cristal-con-jamon-iberico-8-raciones","status":"publish","type":"product","link":"https:\/\/rcater.es\/en\/product\/bandeja-de-pan-de-cristal-con-jamon-iberico-8-raciones\/","title":{"rendered":"Tray of glass bread with Iberian ham (8 portions)"},"content":{"rendered":"<p>Un imprescindible para cualquier celebraci\u00f3n: pan de cristal crujiente con tomate y aceite de oliva, acompa\u00f1ado de jam\u00f3n ib\u00e9rico de primera calidad, ya listo para servir.<\/p>\n<ul>\n<li>Barra de pan de cristal, ligeramente tostada, con tomate y AOVE.<\/li>\n<li>Acompa\u00f1ado de jam\u00f3n ib\u00e9rico en finas lonchas.<\/li>\n<li>Cortado en 8 raciones (indicado para 7\/8 personas).<\/li>\n<\/ul>\n<p><strong>Log\u00edstica:<\/strong> pedidos web L\u2013V. Entrega con 24\u00a0h de antelaci\u00f3n. Material desechable incluido.<\/p>\n<p><strong>Al\u00e9rgenos (UE 1169\/2011):<\/strong> gluten. <em>Puede contener<\/em> leche, frutos secos, soja y s\u00e9samo (trazas).<\/p>\n<p><strong>Conservaci\u00f3n y servicio:<\/strong> mantener a 0\u20134\u00a0\u00b0C. Servir templado o a temperatura ambiente. Consumir en el d\u00eda.<\/p>","protected":false},"excerpt":{"rendered":"<p>Bandeja para 7\/8 personas: pan de cristal ligeramente tostado, untado con tomate y AOVE, acompa\u00f1ado de jam\u00f3n ib\u00e9rico de primera cortado en finas lonchas. Antelaci\u00f3n m\u00ednima 24 h.<\/p>","protected":false},"featured_media":7356,"template":"","meta":{"site-sidebar-layout":"default","site-content-layout":"","ast-site-content-layout":"default","site-content-style":"default","site-sidebar-style":"default","ast-global-header-display":"","ast-banner-title-visibility":"","ast-main-header-display":"","ast-hfb-above-header-display":"","ast-hfb-below-header-display":"","ast-hfb-mobile-header-display":"","site-post-title":"","ast-breadcrumbs-content":"","ast-featured-img":"","footer-sml-layout":"","theme-transparent-header-meta":"default","adv-header-id-meta":"","stick-header-meta":"","header-above-stick-meta":"","header-main-stick-meta":"","header-below-stick-meta":"","astra-migrate-meta-layouts":"set","ast-page-background-enabled":"default","ast-page-background-meta":{"desktop":{"background-color":"","background-image":"","background-repeat":"repeat","background-position":"center center","background-size":"auto","background-attachment":"scroll","background-type":"","background-media":"","overlay-type":"","overlay-color":"","overlay-opacity":"","overlay-gradient":""},"tablet":{"background-color":"","background-image":"","background-repeat":"repeat","background-position":"center center","background-size":"auto","background-attachment":"scroll","background-type":"","background-media":"","overlay-type":"","overlay-color":"","overlay-opacity":"","overlay-gradient":""},"mobile":{"background-color":"","background-image":"","background-repeat":"repeat","background-position":"center center","background-size":"auto","background-attachment":"scroll","background-type":"","background-media":"","overlay-type":"","overlay-color":"","overlay-opacity":"","overlay-gradient":""}},"ast-content-background-meta":{"desktop":{"background-color":"var(--ast-global-color-5)","background-image":"","background-repeat":"repeat","background-position":"center center","background-size":"auto","background-attachment":"scroll","background-type":"","background-media":"","overlay-type":"","overlay-color":"","overlay-opacity":"","overlay-gradient":""},"tablet":{"background-color":"var(--ast-global-color-5)","background-image":"","background-repeat":"repeat","background-position":"center center","background-size":"auto","background-attachment":"scroll","background-type":"","background-media":"","overlay-type":"","overlay-color":"","overlay-opacity":"","overlay-gradient":""},"mobile":{"background-color":"var(--ast-global-color-5)","background-image":"","background-repeat":"repeat","background-position":"center center","background-size":"auto","background-attachment":"scroll","background-type":"","background-media":"","overlay-type":"","overlay-color":"","overlay-opacity":"","overlay-gradient":""}}},"product_brand":[],"product_cat":[89,325,326],"product_tag":[327],"class_list":{"0":"post-7354","1":"product","2":"type-product","3":"status-publish","4":"has-post-thumbnail","6":"product_cat-bandejas-picoteo","7":"product_cat-bocadillos-sandwiches","8":"product_cat-tapas-pinchos","9":"product_tag-con-jamon","10":"desktop-align-left","11":"tablet-align-left","12":"mobile-align-left","14":"first","15":"instock","16":"featured","17":"purchasable","18":"product-type-simple"},"_links":{"self":[{"href":"https:\/\/rcater.es\/en\/wp-json\/wp\/v2\/product\/7354","targetHints":{"allow":["GET"]}}],"collection":[{"href":"https:\/\/rcater.es\/en\/wp-json\/wp\/v2\/product"}],"about":[{"href":"https:\/\/rcater.es\/en\/wp-json\/wp\/v2\/types\/product"}],"version-history":[{"count":2,"href":"https:\/\/rcater.es\/en\/wp-json\/wp\/v2\/product\/7354\/revisions"}],"predecessor-version":[{"id":7357,"href":"https:\/\/rcater.es\/en\/wp-json\/wp\/v2\/product\/7354\/revisions\/7357"}],"wp:featuredmedia":[{"embeddable":true,"href":"https:\/\/rcater.es\/en\/wp-json\/wp\/v2\/media\/7356"}],"wp:attachment":[{"href":"https:\/\/rcater.es\/en\/wp-json\/wp\/v2\/media?parent=7354"}],"wp:term":[{"taxonomy":"product_brand","embeddable":true,"href":"https:\/\/rcater.es\/en\/wp-json\/wp\/v2\/product_brand?post=7354"},{"taxonomy":"product_cat","embeddable":true,"href":"https:\/\/rcater.es\/en\/wp-json\/wp\/v2\/product_cat?post=7354"},{"taxonomy":"product_tag","embeddable":true,"href":"https:\/\/rcater.es\/en\/wp-json\/wp\/v2\/product_tag?post=7354"}],"curies":[{"name":"wp","href":"https:\/\/api.w.org\/{rel}","templated":true}]}}