{"id":7393,"date":"2025-11-02T12:04:00","date_gmt":"2025-11-02T12:04:00","guid":{"rendered":"https:\/\/rcater.es\/product\/bandeja-mini-chapateras-con-iberico-12-uds\/"},"modified":"2025-11-04T19:50:06","modified_gmt":"2025-11-04T19:50:06","slug":"bandeja-mini-chapateras-con-iberico-12-uds","status":"publish","type":"product","link":"https:\/\/rcater.es\/en\/product\/bandeja-mini-chapateras-con-iberico-12-uds\/","title":{"rendered":"Bandeja Mini Chapateras con Ib\u00e9rico (12 uds)"},"content":{"rendered":"<p>Mini chapateras de corteza crujiente y miga tierna, rellenas con finas lonchas de jam\u00f3n ib\u00e9rico. Una opci\u00f3n cl\u00e1sica y muy pr\u00e1ctica para reuniones y celebraciones.<\/p>\n<ul>\n<li>12 mini chapateras con jam\u00f3n ib\u00e9rico.<\/li>\n<li>Pan artesanal, formato mini, f\u00e1cil de repartir.<\/li>\n<li>Presentaci\u00f3n en bandeja lista para servir.<\/li>\n<\/ul>\n<p><strong>Log\u00edstica:<\/strong> pedidos web L\u2013V. Entrega con 24\u00a0h de antelaci\u00f3n. Material desechable incluido.<\/p>\n<p><strong>Al\u00e9rgenos (UE 1169\/2011):<\/strong> gluten. <em>Puede contener<\/em> s\u00e9samo, soja, leche, huevo y frutos secos (trazas) por elaboraci\u00f3n compartida.<\/p>\n<p><strong>Conservaci\u00f3n y servicio:<\/strong> mantener a 0\u20134\u00a0\u00b0C. Servir a temperatura ambiente para disfrutar del pan. Consumir en el d\u00eda.<\/p>","protected":false},"excerpt":{"rendered":"<p>Bandeja con 12 mini chapateras crujientes rellenas de jam\u00f3n ib\u00e9rico de primera. Bocado c\u00f3modo y sabroso para reuniones, coffee breaks y eventos. Presentaci\u00f3n en bandeja lista para servir. Antelaci\u00f3n m\u00ednima 24 h.<\/p>","protected":false},"featured_media":7403,"template":"","meta":{"site-sidebar-layout":"default","site-content-layout":"","ast-site-content-layout":"default","site-content-style":"default","site-sidebar-style":"default","ast-global-header-display":"","ast-banner-title-visibility":"","ast-main-header-display":"","ast-hfb-above-header-display":"","ast-hfb-below-header-display":"","ast-hfb-mobile-header-display":"","site-post-title":"","ast-breadcrumbs-content":"","ast-featured-img":"","footer-sml-layout":"","theme-transparent-header-meta":"default","adv-header-id-meta":"","stick-header-meta":"","header-above-stick-meta":"","header-main-stick-meta":"","header-below-stick-meta":"","astra-migrate-meta-layouts":"set","ast-page-background-enabled":"default","ast-page-background-meta":{"desktop":{"background-color":"","background-image":"","background-repeat":"repeat","background-position":"center center","background-size":"auto","background-attachment":"scroll","background-type":"","background-media":"","overlay-type":"","overlay-color":"","overlay-opacity":"","overlay-gradient":""},"tablet":{"background-color":"","background-image":"","background-repeat":"repeat","background-position":"center center","background-size":"auto","background-attachment":"scroll","background-type":"","background-media":"","overlay-type":"","overlay-color":"","overlay-opacity":"","overlay-gradient":""},"mobile":{"background-color":"","background-image":"","background-repeat":"repeat","background-position":"center center","background-size":"auto","background-attachment":"scroll","background-type":"","background-media":"","overlay-type":"","overlay-color":"","overlay-opacity":"","overlay-gradient":""}},"ast-content-background-meta":{"desktop":{"background-color":"var(--ast-global-color-5)","background-image":"","background-repeat":"repeat","background-position":"center center","background-size":"auto","background-attachment":"scroll","background-type":"","background-media":"","overlay-type":"","overlay-color":"","overlay-opacity":"","overlay-gradient":""},"tablet":{"background-color":"var(--ast-global-color-5)","background-image":"","background-repeat":"repeat","background-position":"center center","background-size":"auto","background-attachment":"scroll","background-type":"","background-media":"","overlay-type":"","overlay-color":"","overlay-opacity":"","overlay-gradient":""},"mobile":{"background-color":"var(--ast-global-color-5)","background-image":"","background-repeat":"repeat","background-position":"center center","background-size":"auto","background-attachment":"scroll","background-type":"","background-media":"","overlay-type":"","overlay-color":"","overlay-opacity":"","overlay-gradient":""}}},"product_brand":[],"product_cat":[89,325,326],"product_tag":[327],"class_list":{"0":"post-7393","1":"product","2":"type-product","3":"status-publish","4":"has-post-thumbnail","6":"product_cat-bandejas-picoteo","7":"product_cat-bocadillos-sandwiches","8":"product_cat-tapas-pinchos","9":"product_tag-con-jamon","10":"desktop-align-left","11":"tablet-align-left","12":"mobile-align-left","14":"first","15":"instock","16":"purchasable","17":"product-type-simple"},"_links":{"self":[{"href":"https:\/\/rcater.es\/en\/wp-json\/wp\/v2\/product\/7393","targetHints":{"allow":["GET"]}}],"collection":[{"href":"https:\/\/rcater.es\/en\/wp-json\/wp\/v2\/product"}],"about":[{"href":"https:\/\/rcater.es\/en\/wp-json\/wp\/v2\/types\/product"}],"version-history":[{"count":2,"href":"https:\/\/rcater.es\/en\/wp-json\/wp\/v2\/product\/7393\/revisions"}],"predecessor-version":[{"id":7404,"href":"https:\/\/rcater.es\/en\/wp-json\/wp\/v2\/product\/7393\/revisions\/7404"}],"wp:featuredmedia":[{"embeddable":true,"href":"https:\/\/rcater.es\/en\/wp-json\/wp\/v2\/media\/7403"}],"wp:attachment":[{"href":"https:\/\/rcater.es\/en\/wp-json\/wp\/v2\/media?parent=7393"}],"wp:term":[{"taxonomy":"product_brand","embeddable":true,"href":"https:\/\/rcater.es\/en\/wp-json\/wp\/v2\/product_brand?post=7393"},{"taxonomy":"product_cat","embeddable":true,"href":"https:\/\/rcater.es\/en\/wp-json\/wp\/v2\/product_cat?post=7393"},{"taxonomy":"product_tag","embeddable":true,"href":"https:\/\/rcater.es\/en\/wp-json\/wp\/v2\/product_tag?post=7393"}],"curies":[{"name":"wp","href":"https:\/\/api.w.org\/{rel}","templated":true}]}}