{"id":7530,"date":"2025-11-03T12:20:36","date_gmt":"2025-11-03T12:20:36","guid":{"rendered":"https:\/\/rcater.es\/product\/mini-chapatera-de-tortilla-de-patatas-pieza-minimo-4-uds\/"},"modified":"2025-11-04T19:47:12","modified_gmt":"2025-11-04T19:47:12","slug":"mini-chapatera-de-tortilla-de-patatas-pieza-minimo-4-uds","status":"publish","type":"product","link":"https:\/\/rcater.es\/en\/product\/mini-chapatera-de-tortilla-de-patatas-pieza-minimo-4-uds\/","title":{"rendered":"Mini Chapatera de Tortilla de Patatas \u2014 pieza (m\u00ednimo 4 uds)"},"content":{"rendered":"<p>Mini bocadillo en chapata con tortilla de patatas, perfecto para bandejas de picoteo y pausas de trabajo en Madrid. Tama\u00f1o catering, c\u00f3modo y sabroso.<\/p>\n<p>Elaborado a diario en el obrador de Real Catering Madrid. <strong>Pedido m\u00ednimo: 4 unidades<\/strong>. Disponible por encargo 24 h.<\/p>\n<h4>Incluye<\/h4>\n<ul>\n<li>Pan tipo chapata tama\u00f1o mini.<\/li>\n<li>Tortilla de patatas jugosa.<\/li>\n<\/ul>\n<p class=\"legal\">Al\u00e9rgenos (UE 1169\/2011): gluten, huevo. Puede contener trazas de frutos secos, leche, soja y s\u00e9samo.<\/p>","protected":false},"excerpt":{"rendered":"<p>Mini bocadillo en chapata con tortilla de patatas, perfecto para bandejas de picoteo y pausas de trabajo en Madrid. Tama\u00f1o catering, c\u00f3modo y sabroso. Elaborado a diario en el obrador de Real Catering Madrid. Pedido m\u00ednimo: 4 unidades. Disponible por encargo 24 h. Incluye Pan tipo chapata tama\u00f1o mini. Tortilla de patatas jugosa. Al\u00e9rgenos (UE [&hellip;]<\/p>","protected":false},"featured_media":7560,"template":"","meta":{"site-sidebar-layout":"default","site-content-layout":"","ast-site-content-layout":"default","site-content-style":"default","site-sidebar-style":"default","ast-global-header-display":"","ast-banner-title-visibility":"","ast-main-header-display":"","ast-hfb-above-header-display":"","ast-hfb-below-header-display":"","ast-hfb-mobile-header-display":"","site-post-title":"","ast-breadcrumbs-content":"","ast-featured-img":"","footer-sml-layout":"","theme-transparent-header-meta":"default","adv-header-id-meta":"","stick-header-meta":"","header-above-stick-meta":"","header-main-stick-meta":"","header-below-stick-meta":"","astra-migrate-meta-layouts":"set","ast-page-background-enabled":"default","ast-page-background-meta":{"desktop":{"background-color":"","background-image":"","background-repeat":"repeat","background-position":"center center","background-size":"auto","background-attachment":"scroll","background-type":"","background-media":"","overlay-type":"","overlay-color":"","overlay-opacity":"","overlay-gradient":""},"tablet":{"background-color":"","background-image":"","background-repeat":"repeat","background-position":"center center","background-size":"auto","background-attachment":"scroll","background-type":"","background-media":"","overlay-type":"","overlay-color":"","overlay-opacity":"","overlay-gradient":""},"mobile":{"background-color":"","background-image":"","background-repeat":"repeat","background-position":"center center","background-size":"auto","background-attachment":"scroll","background-type":"","background-media":"","overlay-type":"","overlay-color":"","overlay-opacity":"","overlay-gradient":""}},"ast-content-background-meta":{"desktop":{"background-color":"var(--ast-global-color-5)","background-image":"","background-repeat":"repeat","background-position":"center center","background-size":"auto","background-attachment":"scroll","background-type":"","background-media":"","overlay-type":"","overlay-color":"","overlay-opacity":"","overlay-gradient":""},"tablet":{"background-color":"var(--ast-global-color-5)","background-image":"","background-repeat":"repeat","background-position":"center center","background-size":"auto","background-attachment":"scroll","background-type":"","background-media":"","overlay-type":"","overlay-color":"","overlay-opacity":"","overlay-gradient":""},"mobile":{"background-color":"var(--ast-global-color-5)","background-image":"","background-repeat":"repeat","background-position":"center center","background-size":"auto","background-attachment":"scroll","background-type":"","background-media":"","overlay-type":"","overlay-color":"","overlay-opacity":"","overlay-gradient":""}}},"product_brand":[],"product_cat":[89,325,326],"product_tag":[106],"class_list":{"0":"post-7530","1":"product","2":"type-product","3":"status-publish","4":"has-post-thumbnail","6":"product_cat-bandejas-picoteo","7":"product_cat-bocadillos-sandwiches","8":"product_cat-tapas-pinchos","9":"product_tag-vegetariano","10":"desktop-align-left","11":"tablet-align-left","12":"mobile-align-left","14":"first","15":"instock","16":"purchasable","17":"product-type-simple"},"_links":{"self":[{"href":"https:\/\/rcater.es\/en\/wp-json\/wp\/v2\/product\/7530","targetHints":{"allow":["GET"]}}],"collection":[{"href":"https:\/\/rcater.es\/en\/wp-json\/wp\/v2\/product"}],"about":[{"href":"https:\/\/rcater.es\/en\/wp-json\/wp\/v2\/types\/product"}],"version-history":[{"count":2,"href":"https:\/\/rcater.es\/en\/wp-json\/wp\/v2\/product\/7530\/revisions"}],"predecessor-version":[{"id":7561,"href":"https:\/\/rcater.es\/en\/wp-json\/wp\/v2\/product\/7530\/revisions\/7561"}],"wp:featuredmedia":[{"embeddable":true,"href":"https:\/\/rcater.es\/en\/wp-json\/wp\/v2\/media\/7560"}],"wp:attachment":[{"href":"https:\/\/rcater.es\/en\/wp-json\/wp\/v2\/media?parent=7530"}],"wp:term":[{"taxonomy":"product_brand","embeddable":true,"href":"https:\/\/rcater.es\/en\/wp-json\/wp\/v2\/product_brand?post=7530"},{"taxonomy":"product_cat","embeddable":true,"href":"https:\/\/rcater.es\/en\/wp-json\/wp\/v2\/product_cat?post=7530"},{"taxonomy":"product_tag","embeddable":true,"href":"https:\/\/rcater.es\/en\/wp-json\/wp\/v2\/product_tag?post=7530"}],"curies":[{"name":"wp","href":"https:\/\/api.w.org\/{rel}","templated":true}]}}