{"id":7542,"date":"2025-11-03T12:20:36","date_gmt":"2025-11-03T12:20:36","guid":{"rendered":"https:\/\/rcater.es\/product\/mini-sandwich-vegetal-de-jamon-y-queso-pieza-minimo-4-uds\/"},"modified":"2025-11-04T19:47:12","modified_gmt":"2025-11-04T19:47:12","slug":"mini-sandwich-vegetal-de-jamon-y-queso-pieza-minimo-4-uds","status":"publish","type":"product","link":"https:\/\/rcater.es\/en\/product\/mini-sandwich-vegetal-de-jamon-y-queso-pieza-minimo-4-uds\/","title":{"rendered":"Mini S\u00e1ndwich Vegetal de Jam\u00f3n y Queso \u2014 pieza (m\u00ednimo 4 uds)"},"content":{"rendered":"<p>Mini s\u00e1ndwich vegetal con jam\u00f3n y queso: formato catering, fresco y c\u00f3modo para bandejas de picoteo, reuniones y coffee breaks en Madrid.<\/p>\n<p>Preparado a diario en el obrador de Real Catering Madrid. <strong>Pedido m\u00ednimo: 4 unidades<\/strong>. Disponible por encargo 24 h.<\/p>\n<h4>Incluye<\/h4>\n<ul>\n<li>Pan de molde (mini s\u00e1ndwich).<\/li>\n<li>Jam\u00f3n y queso.<\/li>\n<li>Vegetales frescos.<\/li>\n<\/ul>\n<p class=\"legal\">Al\u00e9rgenos (UE 1169\/2011): gluten, leche. Puede contener trazas de huevo, frutos secos, soja y s\u00e9samo.<\/p>","protected":false},"excerpt":{"rendered":"<p>Mini s\u00e1ndwich vegetal con jam\u00f3n y queso: formato catering, fresco y c\u00f3modo para bandejas de picoteo, reuniones y coffee breaks en Madrid. Preparado a diario en el obrador de Real Catering Madrid. Pedido m\u00ednimo: 4 unidades. Disponible por encargo 24 h. Incluye Pan de molde (mini s\u00e1ndwich). Jam\u00f3n y queso. Vegetales frescos. Al\u00e9rgenos (UE 1169\/2011): [&hellip;]<\/p>","protected":false},"featured_media":7549,"template":"","meta":{"site-sidebar-layout":"default","site-content-layout":"","ast-site-content-layout":"default","site-content-style":"default","site-sidebar-style":"default","ast-global-header-display":"","ast-banner-title-visibility":"","ast-main-header-display":"","ast-hfb-above-header-display":"","ast-hfb-below-header-display":"","ast-hfb-mobile-header-display":"","site-post-title":"","ast-breadcrumbs-content":"","ast-featured-img":"","footer-sml-layout":"","theme-transparent-header-meta":"default","adv-header-id-meta":"","stick-header-meta":"","header-above-stick-meta":"","header-main-stick-meta":"","header-below-stick-meta":"","astra-migrate-meta-layouts":"set","ast-page-background-enabled":"default","ast-page-background-meta":{"desktop":{"background-color":"","background-image":"","background-repeat":"repeat","background-position":"center center","background-size":"auto","background-attachment":"scroll","background-type":"","background-media":"","overlay-type":"","overlay-color":"","overlay-opacity":"","overlay-gradient":""},"tablet":{"background-color":"","background-image":"","background-repeat":"repeat","background-position":"center center","background-size":"auto","background-attachment":"scroll","background-type":"","background-media":"","overlay-type":"","overlay-color":"","overlay-opacity":"","overlay-gradient":""},"mobile":{"background-color":"","background-image":"","background-repeat":"repeat","background-position":"center center","background-size":"auto","background-attachment":"scroll","background-type":"","background-media":"","overlay-type":"","overlay-color":"","overlay-opacity":"","overlay-gradient":""}},"ast-content-background-meta":{"desktop":{"background-color":"var(--ast-global-color-5)","background-image":"","background-repeat":"repeat","background-position":"center center","background-size":"auto","background-attachment":"scroll","background-type":"","background-media":"","overlay-type":"","overlay-color":"","overlay-opacity":"","overlay-gradient":""},"tablet":{"background-color":"var(--ast-global-color-5)","background-image":"","background-repeat":"repeat","background-position":"center center","background-size":"auto","background-attachment":"scroll","background-type":"","background-media":"","overlay-type":"","overlay-color":"","overlay-opacity":"","overlay-gradient":""},"mobile":{"background-color":"var(--ast-global-color-5)","background-image":"","background-repeat":"repeat","background-position":"center center","background-size":"auto","background-attachment":"scroll","background-type":"","background-media":"","overlay-type":"","overlay-color":"","overlay-opacity":"","overlay-gradient":""}}},"product_brand":[],"product_cat":[89,325,326],"product_tag":[327],"class_list":{"0":"post-7542","1":"product","2":"type-product","3":"status-publish","4":"has-post-thumbnail","6":"product_cat-bandejas-picoteo","7":"product_cat-bocadillos-sandwiches","8":"product_cat-tapas-pinchos","9":"product_tag-con-jamon","10":"desktop-align-left","11":"tablet-align-left","12":"mobile-align-left","14":"first","15":"instock","16":"purchasable","17":"product-type-simple"},"_links":{"self":[{"href":"https:\/\/rcater.es\/en\/wp-json\/wp\/v2\/product\/7542","targetHints":{"allow":["GET"]}}],"collection":[{"href":"https:\/\/rcater.es\/en\/wp-json\/wp\/v2\/product"}],"about":[{"href":"https:\/\/rcater.es\/en\/wp-json\/wp\/v2\/types\/product"}],"version-history":[{"count":2,"href":"https:\/\/rcater.es\/en\/wp-json\/wp\/v2\/product\/7542\/revisions"}],"predecessor-version":[{"id":7548,"href":"https:\/\/rcater.es\/en\/wp-json\/wp\/v2\/product\/7542\/revisions\/7548"}],"wp:featuredmedia":[{"embeddable":true,"href":"https:\/\/rcater.es\/en\/wp-json\/wp\/v2\/media\/7549"}],"wp:attachment":[{"href":"https:\/\/rcater.es\/en\/wp-json\/wp\/v2\/media?parent=7542"}],"wp:term":[{"taxonomy":"product_brand","embeddable":true,"href":"https:\/\/rcater.es\/en\/wp-json\/wp\/v2\/product_brand?post=7542"},{"taxonomy":"product_cat","embeddable":true,"href":"https:\/\/rcater.es\/en\/wp-json\/wp\/v2\/product_cat?post=7542"},{"taxonomy":"product_tag","embeddable":true,"href":"https:\/\/rcater.es\/en\/wp-json\/wp\/v2\/product_tag?post=7542"}],"curies":[{"name":"wp","href":"https:\/\/api.w.org\/{rel}","templated":true}]}}