{"id":7590,"date":"2025-11-03T14:42:00","date_gmt":"2025-11-03T14:42:00","guid":{"rendered":"https:\/\/rcater.es\/product\/ensalada-de-pollo-y-queso-fresco-cocktail-racion-individual\/"},"modified":"2025-11-04T19:40:23","modified_gmt":"2025-11-04T19:40:23","slug":"ensalada-de-pollo-y-queso-fresco-cocktail-racion-individual","status":"publish","type":"product","link":"https:\/\/rcater.es\/en\/product\/ensalada-de-pollo-y-queso-fresco-cocktail-racion-individual\/","title":{"rendered":"Ensalada de Pollo y Queso Fresco Cocktail \u2014 raci\u00f3n individual"},"content":{"rendered":"<p>Ensalada cocktail de pollo y queso fresco: opci\u00f3n completa y pr\u00e1ctica para bandejas fr\u00edas, reuniones y coffee breaks en Madrid.<\/p>\n<p>Preparada a diario en el obrador de Real Catering Madrid.<\/p>\n<h4>Incluye<\/h4>\n<ul>\n<li>Mezcla de lechugas.<\/li>\n<li>Pollo asado.<\/li>\n<li>Queso fresco.<\/li>\n<li>Croutons.<\/li>\n<li>Vinagreta\/aceite en sobre individual.<\/li>\n<\/ul>\n<p class=\"legal\">Al\u00e9rgenos (UE 1169\/2011): gluten (croutons), leche (queso). Puede contener trazas de huevo, pescado, frutos secos, soja y s\u00e9samo.<\/p>","protected":false},"excerpt":{"rendered":"<p>Ensalada cocktail de pollo y queso fresco: opci\u00f3n completa y pr\u00e1ctica para bandejas fr\u00edas, reuniones y coffee breaks en Madrid. Preparada a diario en el obrador de Real Catering Madrid. Incluye Mezcla de lechugas. Pollo asado. Queso fresco. Croutons. Vinagreta\/aceite en sobre individual. Al\u00e9rgenos (UE 1169\/2011): gluten (croutons), leche (queso). Puede contener trazas de huevo, [&hellip;]<\/p>","protected":false},"featured_media":7594,"template":"","meta":{"site-sidebar-layout":"default","site-content-layout":"","ast-site-content-layout":"default","site-content-style":"default","site-sidebar-style":"default","ast-global-header-display":"","ast-banner-title-visibility":"","ast-main-header-display":"","ast-hfb-above-header-display":"","ast-hfb-below-header-display":"","ast-hfb-mobile-header-display":"","site-post-title":"","ast-breadcrumbs-content":"","ast-featured-img":"","footer-sml-layout":"","theme-transparent-header-meta":"default","adv-header-id-meta":"","stick-header-meta":"","header-above-stick-meta":"","header-main-stick-meta":"","header-below-stick-meta":"","astra-migrate-meta-layouts":"set","ast-page-background-enabled":"default","ast-page-background-meta":{"desktop":{"background-color":"","background-image":"","background-repeat":"repeat","background-position":"center center","background-size":"auto","background-attachment":"scroll","background-type":"","background-media":"","overlay-type":"","overlay-color":"","overlay-opacity":"","overlay-gradient":""},"tablet":{"background-color":"","background-image":"","background-repeat":"repeat","background-position":"center center","background-size":"auto","background-attachment":"scroll","background-type":"","background-media":"","overlay-type":"","overlay-color":"","overlay-opacity":"","overlay-gradient":""},"mobile":{"background-color":"","background-image":"","background-repeat":"repeat","background-position":"center center","background-size":"auto","background-attachment":"scroll","background-type":"","background-media":"","overlay-type":"","overlay-color":"","overlay-opacity":"","overlay-gradient":""}},"ast-content-background-meta":{"desktop":{"background-color":"var(--ast-global-color-5)","background-image":"","background-repeat":"repeat","background-position":"center center","background-size":"auto","background-attachment":"scroll","background-type":"","background-media":"","overlay-type":"","overlay-color":"","overlay-opacity":"","overlay-gradient":""},"tablet":{"background-color":"var(--ast-global-color-5)","background-image":"","background-repeat":"repeat","background-position":"center center","background-size":"auto","background-attachment":"scroll","background-type":"","background-media":"","overlay-type":"","overlay-color":"","overlay-opacity":"","overlay-gradient":""},"mobile":{"background-color":"var(--ast-global-color-5)","background-image":"","background-repeat":"repeat","background-position":"center center","background-size":"auto","background-attachment":"scroll","background-type":"","background-media":"","overlay-type":"","overlay-color":"","overlay-opacity":"","overlay-gradient":""}}},"product_brand":[],"product_cat":[89,301,278,326],"product_tag":[201],"class_list":{"0":"post-7590","1":"product","2":"type-product","3":"status-publish","4":"has-post-thumbnail","6":"product_cat-bandejas-picoteo","7":"product_cat-ensaladas-bowls","8":"product_cat-lunch-boxes-bandejas-picoteo","9":"product_cat-tapas-pinchos","10":"product_tag-coffee-break","11":"desktop-align-left","12":"tablet-align-left","13":"mobile-align-left","15":"first","16":"instock","17":"purchasable","18":"product-type-simple"},"_links":{"self":[{"href":"https:\/\/rcater.es\/en\/wp-json\/wp\/v2\/product\/7590","targetHints":{"allow":["GET"]}}],"collection":[{"href":"https:\/\/rcater.es\/en\/wp-json\/wp\/v2\/product"}],"about":[{"href":"https:\/\/rcater.es\/en\/wp-json\/wp\/v2\/types\/product"}],"version-history":[{"count":3,"href":"https:\/\/rcater.es\/en\/wp-json\/wp\/v2\/product\/7590\/revisions"}],"predecessor-version":[{"id":7595,"href":"https:\/\/rcater.es\/en\/wp-json\/wp\/v2\/product\/7590\/revisions\/7595"}],"wp:featuredmedia":[{"embeddable":true,"href":"https:\/\/rcater.es\/en\/wp-json\/wp\/v2\/media\/7594"}],"wp:attachment":[{"href":"https:\/\/rcater.es\/en\/wp-json\/wp\/v2\/media?parent=7590"}],"wp:term":[{"taxonomy":"product_brand","embeddable":true,"href":"https:\/\/rcater.es\/en\/wp-json\/wp\/v2\/product_brand?post=7590"},{"taxonomy":"product_cat","embeddable":true,"href":"https:\/\/rcater.es\/en\/wp-json\/wp\/v2\/product_cat?post=7590"},{"taxonomy":"product_tag","embeddable":true,"href":"https:\/\/rcater.es\/en\/wp-json\/wp\/v2\/product_tag?post=7590"}],"curies":[{"name":"wp","href":"https:\/\/api.w.org\/{rel}","templated":true}]}}