{"id":7668,"date":"2025-11-05T11:54:37","date_gmt":"2025-11-05T11:54:37","guid":{"rendered":"https:\/\/rcater.es\/product\/tapas-caprese-con-chorizo-10-uds\/"},"modified":"2025-11-05T12:32:40","modified_gmt":"2025-11-05T12:32:40","slug":"tapas-caprese-con-chorizo-10-uds","status":"publish","type":"product","link":"https:\/\/rcater.es\/en\/product\/tapas-caprese-con-chorizo-10-uds\/","title":{"rendered":"Tapas Caprese con Chorizo (10 uds)"},"content":{"rendered":"<p>Tapas estilo caprese con chorizo: contraste fresco entre la mozzarella, el tomate cherry y la albahaca, con un toque ib\u00e9rico. Perfectas para c\u00f3cteles y bandejas de picoteo en Madrid.<\/p>\n<p>Elaboradas a diario en el obrador de Real Catering Madrid. Presentaci\u00f3n en bandeja, listas para servir.<\/p>\n<h4>Incluye<\/h4>\n<ul>\n<li>Mini mozzarella.<\/li>\n<li>Chorizo.<\/li>\n<li>Tomate cherry.<\/li>\n<li>Albahaca fresca.<\/li>\n<li>Base de canap\u00e9 \/ mini tosta.<\/li>\n<\/ul>\n<p class=\"legal\">Al\u00e9rgenos (UE 1169\/2011): leche (mozzarella), gluten (base\/tosta). Puede contener trazas de huevo, frutos secos, soja y s\u00e9samo.<\/p>","protected":false},"excerpt":{"rendered":"<p>Tapas estilo caprese con chorizo: contraste fresco entre la mozzarella, el tomate cherry y la albahaca, con un toque ib\u00e9rico. Perfectas para c\u00f3cteles y bandejas de picoteo en Madrid. Elaboradas a diario en el obrador de Real Catering Madrid. Presentaci\u00f3n en bandeja, listas para servir. Incluye Mini mozzarella. Chorizo. Tomate cherry. Albahaca fresca. Base de [&hellip;]<\/p>","protected":false},"featured_media":7671,"template":"","meta":{"site-sidebar-layout":"default","site-content-layout":"","ast-site-content-layout":"default","site-content-style":"default","site-sidebar-style":"default","ast-global-header-display":"","ast-banner-title-visibility":"","ast-main-header-display":"","ast-hfb-above-header-display":"","ast-hfb-below-header-display":"","ast-hfb-mobile-header-display":"","site-post-title":"","ast-breadcrumbs-content":"","ast-featured-img":"","footer-sml-layout":"","theme-transparent-header-meta":"default","adv-header-id-meta":"","stick-header-meta":"","header-above-stick-meta":"","header-main-stick-meta":"","header-below-stick-meta":"","astra-migrate-meta-layouts":"set","ast-page-background-enabled":"default","ast-page-background-meta":{"desktop":{"background-color":"","background-image":"","background-repeat":"repeat","background-position":"center center","background-size":"auto","background-attachment":"scroll","background-type":"","background-media":"","overlay-type":"","overlay-color":"","overlay-opacity":"","overlay-gradient":""},"tablet":{"background-color":"","background-image":"","background-repeat":"repeat","background-position":"center center","background-size":"auto","background-attachment":"scroll","background-type":"","background-media":"","overlay-type":"","overlay-color":"","overlay-opacity":"","overlay-gradient":""},"mobile":{"background-color":"","background-image":"","background-repeat":"repeat","background-position":"center center","background-size":"auto","background-attachment":"scroll","background-type":"","background-media":"","overlay-type":"","overlay-color":"","overlay-opacity":"","overlay-gradient":""}},"ast-content-background-meta":{"desktop":{"background-color":"var(--ast-global-color-5)","background-image":"","background-repeat":"repeat","background-position":"center center","background-size":"auto","background-attachment":"scroll","background-type":"","background-media":"","overlay-type":"","overlay-color":"","overlay-opacity":"","overlay-gradient":""},"tablet":{"background-color":"var(--ast-global-color-5)","background-image":"","background-repeat":"repeat","background-position":"center center","background-size":"auto","background-attachment":"scroll","background-type":"","background-media":"","overlay-type":"","overlay-color":"","overlay-opacity":"","overlay-gradient":""},"mobile":{"background-color":"var(--ast-global-color-5)","background-image":"","background-repeat":"repeat","background-position":"center center","background-size":"auto","background-attachment":"scroll","background-type":"","background-media":"","overlay-type":"","overlay-color":"","overlay-opacity":"","overlay-gradient":""}}},"product_brand":[],"product_cat":[89,325,326],"product_tag":[350,345,351,352,346,354,353,347,349,348],"class_list":{"0":"post-7668","1":"product","2":"type-product","3":"status-publish","4":"has-post-thumbnail","6":"product_cat-bandejas-picoteo","7":"product_cat-bocadillos-sandwiches","8":"product_cat-tapas-pinchos","9":"product_tag-aperitivo","10":"product_tag-bandeja","11":"product_tag-bocados","12":"product_tag-caprese","13":"product_tag-catering","14":"product_tag-chorizo","15":"product_tag-mozzarella","16":"product_tag-real-catering-madrid","17":"product_tag-tapas","18":"product_tag-xeo","19":"desktop-align-left","20":"tablet-align-left","21":"mobile-align-left","23":"first","24":"instock","25":"purchasable","26":"product-type-simple"},"_links":{"self":[{"href":"https:\/\/rcater.es\/en\/wp-json\/wp\/v2\/product\/7668","targetHints":{"allow":["GET"]}}],"collection":[{"href":"https:\/\/rcater.es\/en\/wp-json\/wp\/v2\/product"}],"about":[{"href":"https:\/\/rcater.es\/en\/wp-json\/wp\/v2\/types\/product"}],"version-history":[{"count":2,"href":"https:\/\/rcater.es\/en\/wp-json\/wp\/v2\/product\/7668\/revisions"}],"predecessor-version":[{"id":7670,"href":"https:\/\/rcater.es\/en\/wp-json\/wp\/v2\/product\/7668\/revisions\/7670"}],"wp:featuredmedia":[{"embeddable":true,"href":"https:\/\/rcater.es\/en\/wp-json\/wp\/v2\/media\/7671"}],"wp:attachment":[{"href":"https:\/\/rcater.es\/en\/wp-json\/wp\/v2\/media?parent=7668"}],"wp:term":[{"taxonomy":"product_brand","embeddable":true,"href":"https:\/\/rcater.es\/en\/wp-json\/wp\/v2\/product_brand?post=7668"},{"taxonomy":"product_cat","embeddable":true,"href":"https:\/\/rcater.es\/en\/wp-json\/wp\/v2\/product_cat?post=7668"},{"taxonomy":"product_tag","embeddable":true,"href":"https:\/\/rcater.es\/en\/wp-json\/wp\/v2\/product_tag?post=7668"}],"curies":[{"name":"wp","href":"https:\/\/api.w.org\/{rel}","templated":true}]}}