{"id":8125,"date":"2025-11-25T14:00:45","date_gmt":"2025-11-25T14:00:45","guid":{"rendered":"https:\/\/rcater.es\/?post_type=product&#038;p=8125"},"modified":"2025-11-25T14:47:58","modified_gmt":"2025-11-25T14:47:58","slug":"caja-mimo-para-recien-papas","status":"publish","type":"product","link":"https:\/\/rcater.es\/en\/product\/caja-mimo-para-recien-papas\/","title":{"rendered":"Caja Mimo para Reci\u00e9n Pap\u00e1s"},"content":{"rendered":"<p>Porque los h\u00e9roes tambi\u00e9n merecen un capricho. Esta caja est\u00e1 pensada para los nuevos pap\u00e1s: esos que apenas duermen, que celebran cada peque\u00f1o logro, y que se merecen un momento para ellos.<br \/>\nContenido seleccionado (715g):<br \/>\nTodo listo para disfrutar sin esfuerzo, porque sabemos que tu tiempo ahora es oro.<\/p>\n<p>Paleta ib\u00e9rica de bellota (100g) &#8211; Ya cortada, lista para comer<br \/>\nLomito ib\u00e9rico de bellota (80g) &#8211; La parte m\u00e1s suave<br \/>\nFoie mi-cuit con mermelada de cebolla (100g) &#8211; Combinaci\u00f3n perfecta preparada<br \/>\nBrie trufado (125g) &#8211; Cremoso, sin complicaciones<br \/>\nPicos artesanos (80g) + Crostinis (80g) &#8211; Para acompa\u00f1ar<br \/>\nPatatas fritas caseras (80g) &#8211; Porque a veces lo simple es lo mejor<br \/>\nMini alfajores (10 uds) &#8211; Dulzura para compartir o no<\/p>\n<p>Regalo especial:<br \/>\nIncluye un bowl decorativo que podr\u00e1s usar en tu nueva vida familiar.<br \/>\nPresentaci\u00f3n:<br \/>\nEn elegante caja blanca, lista para entregar. No necesita m\u00e1s preparaci\u00f3n, como todo en esta caja.<br \/>\nIdeal para: regalar tras el nacimiento, visitas al hospital, despu\u00e9s del parto, primeras semanas en casa, celebraci\u00f3n de criaturas, cr\u00edstinos.<br \/>\nNota: Contiene l\u00e1cteos, gluten, huevo y sulfitos.<\/p>","protected":false},"excerpt":{"rendered":"<p>Paleta ib\u00e9rica de bellota (100g) &#8211; Ya cortada, lista para comer<br \/>\nLomito ib\u00e9rico de bellota (80g) &#8211; La parte m\u00e1s suave<br \/>\nFoie mi-cuit con mermelada de cebolla (100g) &#8211; Combinaci\u00f3n perfecta preparada<br \/>\nBrie trufado (125g) &#8211; Cremoso, sin complicaciones<br \/>\nPicos artesanos (80g) + Crostinis (80g) &#8211; Para acompa\u00f1ar<br \/>\nPatatas fritas caseras (80g) &#8211; Porque a veces lo simple es lo mejor<br \/>\nMini alfajores (10 uds) &#8211; Dulzura para compartir o no<\/p>","protected":false},"featured_media":8127,"template":"","meta":{"site-sidebar-layout":"default","site-content-layout":"","ast-site-content-layout":"default","site-content-style":"default","site-sidebar-style":"default","ast-global-header-display":"","ast-banner-title-visibility":"","ast-main-header-display":"","ast-hfb-above-header-display":"","ast-hfb-below-header-display":"","ast-hfb-mobile-header-display":"","site-post-title":"","ast-breadcrumbs-content":"","ast-featured-img":"","footer-sml-layout":"","theme-transparent-header-meta":"default","adv-header-id-meta":"","stick-header-meta":"","header-above-stick-meta":"","header-main-stick-meta":"","header-below-stick-meta":"","astra-migrate-meta-layouts":"set","ast-page-background-enabled":"default","ast-page-background-meta":{"desktop":{"background-color":"","background-image":"","background-repeat":"repeat","background-position":"center center","background-size":"auto","background-attachment":"scroll","background-type":"","background-media":"","overlay-type":"","overlay-color":"","overlay-opacity":"","overlay-gradient":""},"tablet":{"background-color":"","background-image":"","background-repeat":"repeat","background-position":"center center","background-size":"auto","background-attachment":"scroll","background-type":"","background-media":"","overlay-type":"","overlay-color":"","overlay-opacity":"","overlay-gradient":""},"mobile":{"background-color":"","background-image":"","background-repeat":"repeat","background-position":"center center","background-size":"auto","background-attachment":"scroll","background-type":"","background-media":"","overlay-type":"","overlay-color":"","overlay-opacity":"","overlay-gradient":""}},"ast-content-background-meta":{"desktop":{"background-color":"var(--ast-global-color-5)","background-image":"","background-repeat":"repeat","background-position":"center center","background-size":"auto","background-attachment":"scroll","background-type":"","background-media":"","overlay-type":"","overlay-color":"","overlay-opacity":"","overlay-gradient":""},"tablet":{"background-color":"var(--ast-global-color-5)","background-image":"","background-repeat":"repeat","background-position":"center center","background-size":"auto","background-attachment":"scroll","background-type":"","background-media":"","overlay-type":"","overlay-color":"","overlay-opacity":"","overlay-gradient":""},"mobile":{"background-color":"var(--ast-global-color-5)","background-image":"","background-repeat":"repeat","background-position":"center center","background-size":"auto","background-attachment":"scroll","background-type":"","background-media":"","overlay-type":"","overlay-color":"","overlay-opacity":"","overlay-gradient":""}}},"product_brand":[],"product_cat":[113],"product_tag":[],"class_list":{"0":"post-8125","1":"product","2":"type-product","3":"status-publish","4":"has-post-thumbnail","6":"product_cat-cajas-regalos-gourmet","7":"desktop-align-left","8":"tablet-align-left","9":"mobile-align-left","11":"first","12":"instock","13":"taxable","14":"shipping-taxable","15":"purchasable","16":"product-type-simple"},"_links":{"self":[{"href":"https:\/\/rcater.es\/en\/wp-json\/wp\/v2\/product\/8125","targetHints":{"allow":["GET"]}}],"collection":[{"href":"https:\/\/rcater.es\/en\/wp-json\/wp\/v2\/product"}],"about":[{"href":"https:\/\/rcater.es\/en\/wp-json\/wp\/v2\/types\/product"}],"version-history":[{"count":1,"href":"https:\/\/rcater.es\/en\/wp-json\/wp\/v2\/product\/8125\/revisions"}],"predecessor-version":[{"id":8126,"href":"https:\/\/rcater.es\/en\/wp-json\/wp\/v2\/product\/8125\/revisions\/8126"}],"wp:featuredmedia":[{"embeddable":true,"href":"https:\/\/rcater.es\/en\/wp-json\/wp\/v2\/media\/8127"}],"wp:attachment":[{"href":"https:\/\/rcater.es\/en\/wp-json\/wp\/v2\/media?parent=8125"}],"wp:term":[{"taxonomy":"product_brand","embeddable":true,"href":"https:\/\/rcater.es\/en\/wp-json\/wp\/v2\/product_brand?post=8125"},{"taxonomy":"product_cat","embeddable":true,"href":"https:\/\/rcater.es\/en\/wp-json\/wp\/v2\/product_cat?post=8125"},{"taxonomy":"product_tag","embeddable":true,"href":"https:\/\/rcater.es\/en\/wp-json\/wp\/v2\/product_tag?post=8125"}],"curies":[{"name":"wp","href":"https:\/\/api.w.org\/{rel}","templated":true}]}}