{"id":8133,"date":"2025-11-25T17:36:55","date_gmt":"2025-11-25T17:36:55","guid":{"rendered":"https:\/\/rcater.es\/product\/pack-para-llevar-sin-cocinar\/"},"modified":"2025-11-25T17:37:45","modified_gmt":"2025-11-25T17:37:45","slug":"pack-para-llevar-sin-cocinar","status":"publish","type":"product","link":"https:\/\/rcater.es\/en\/product\/pack-para-llevar-sin-cocinar\/","title":{"rendered":"Pack para Llevar Sin Cocinar"},"content":{"rendered":"<p>Para ti o para regalar: la soluci\u00f3n perfecta cuando quieres disfrutar sin complicaciones o sorprender con un detalle que realmente se aprecia.<br \/>\nContenido premium (540g para 2-4 personas):<\/p>\n<p>Foie mi-cuit con crostinis y mermelada de cebolla (100g) &#8211; Combinaci\u00f3n lista<br \/>\nSobrasada picante mallorquina (100g) &#8211; Para untar directamente<br \/>\nGildas vascas caseras (6 uds) &#8211; En su pincho, listas para comer<br \/>\nQueso parmesano (100g) &#8211; Ideal para picar<br \/>\nPatatas fritas caseras crujientes (80g)<br \/>\nCrostinis extra (80g) &#8211; Por si acaso<\/p>\n<p>Cero esfuerzo, m\u00e1ximo placer:<br \/>\nNi cuchillo, ni tabla de cortar, ni preparaci\u00f3n. Todo est\u00e1 pensado para abrir y disfrutar en segundos. La comodidad que t\u00fa mereces o el regalo que otros agradecer\u00e1n.<br \/>\nPresentaci\u00f3n impecable:<br \/>\nElegante caja blanca Alda &#038; Terry con productos cuidadosamente dispuestos. Lista para llevar a la mesa o entregar como regalo sin necesidad de envoltura adicional.<br \/>\nPerfecto para: disfrutar en casa sin cocinar, llevar a casa de amigos, regalo de agradecimiento, detalle para anfitriones, copas improvisadas, plan Netflix y vino.<br \/>\nAviso: Contiene l\u00e1cteos, gluten, pescado.<\/p>","protected":false},"excerpt":{"rendered":"<p>Foie mi-cuit con crostinis y mermelada de cebolla (100g) &#8211; Combinaci\u00f3n lista<br \/>\nSobrasada picante mallorquina (100g) &#8211; Para untar directamente<br \/>\nGildas vascas caseras (6 uds) &#8211; En su pincho, listas para comer<br \/>\nQueso parmesano (100g) &#8211; Ideal para picar<br \/>\nPatatas fritas caseras crujientes (80g)<br \/>\nCrostinis extra (80g) &#8211; Por si acaso<\/p>","protected":false},"featured_media":8134,"template":"","meta":{"site-sidebar-layout":"default","site-content-layout":"","ast-site-content-layout":"default","site-content-style":"default","site-sidebar-style":"default","ast-global-header-display":"","ast-banner-title-visibility":"","ast-main-header-display":"","ast-hfb-above-header-display":"","ast-hfb-below-header-display":"","ast-hfb-mobile-header-display":"","site-post-title":"","ast-breadcrumbs-content":"","ast-featured-img":"","footer-sml-layout":"","theme-transparent-header-meta":"default","adv-header-id-meta":"","stick-header-meta":"","header-above-stick-meta":"","header-main-stick-meta":"","header-below-stick-meta":"","astra-migrate-meta-layouts":"set","ast-page-background-enabled":"default","ast-page-background-meta":{"desktop":{"background-color":"","background-image":"","background-repeat":"repeat","background-position":"center center","background-size":"auto","background-attachment":"scroll","background-type":"","background-media":"","overlay-type":"","overlay-color":"","overlay-opacity":"","overlay-gradient":""},"tablet":{"background-color":"","background-image":"","background-repeat":"repeat","background-position":"center center","background-size":"auto","background-attachment":"scroll","background-type":"","background-media":"","overlay-type":"","overlay-color":"","overlay-opacity":"","overlay-gradient":""},"mobile":{"background-color":"","background-image":"","background-repeat":"repeat","background-position":"center center","background-size":"auto","background-attachment":"scroll","background-type":"","background-media":"","overlay-type":"","overlay-color":"","overlay-opacity":"","overlay-gradient":""}},"ast-content-background-meta":{"desktop":{"background-color":"var(--ast-global-color-5)","background-image":"","background-repeat":"repeat","background-position":"center center","background-size":"auto","background-attachment":"scroll","background-type":"","background-media":"","overlay-type":"","overlay-color":"","overlay-opacity":"","overlay-gradient":""},"tablet":{"background-color":"var(--ast-global-color-5)","background-image":"","background-repeat":"repeat","background-position":"center center","background-size":"auto","background-attachment":"scroll","background-type":"","background-media":"","overlay-type":"","overlay-color":"","overlay-opacity":"","overlay-gradient":""},"mobile":{"background-color":"var(--ast-global-color-5)","background-image":"","background-repeat":"repeat","background-position":"center center","background-size":"auto","background-attachment":"scroll","background-type":"","background-media":"","overlay-type":"","overlay-color":"","overlay-opacity":"","overlay-gradient":""}}},"product_brand":[],"product_cat":[113],"product_tag":[],"class_list":{"0":"post-8133","1":"product","2":"type-product","3":"status-publish","4":"has-post-thumbnail","6":"product_cat-cajas-regalos-gourmet","7":"desktop-align-left","8":"tablet-align-left","9":"mobile-align-left","11":"first","12":"instock","13":"sale","14":"taxable","15":"shipping-taxable","16":"purchasable","17":"product-type-simple"},"_links":{"self":[{"href":"https:\/\/rcater.es\/en\/wp-json\/wp\/v2\/product\/8133","targetHints":{"allow":["GET"]}}],"collection":[{"href":"https:\/\/rcater.es\/en\/wp-json\/wp\/v2\/product"}],"about":[{"href":"https:\/\/rcater.es\/en\/wp-json\/wp\/v2\/types\/product"}],"version-history":[{"count":1,"href":"https:\/\/rcater.es\/en\/wp-json\/wp\/v2\/product\/8133\/revisions"}],"predecessor-version":[{"id":8135,"href":"https:\/\/rcater.es\/en\/wp-json\/wp\/v2\/product\/8133\/revisions\/8135"}],"wp:featuredmedia":[{"embeddable":true,"href":"https:\/\/rcater.es\/en\/wp-json\/wp\/v2\/media\/8134"}],"wp:attachment":[{"href":"https:\/\/rcater.es\/en\/wp-json\/wp\/v2\/media?parent=8133"}],"wp:term":[{"taxonomy":"product_brand","embeddable":true,"href":"https:\/\/rcater.es\/en\/wp-json\/wp\/v2\/product_brand?post=8133"},{"taxonomy":"product_cat","embeddable":true,"href":"https:\/\/rcater.es\/en\/wp-json\/wp\/v2\/product_cat?post=8133"},{"taxonomy":"product_tag","embeddable":true,"href":"https:\/\/rcater.es\/en\/wp-json\/wp\/v2\/product_tag?post=8133"}],"curies":[{"name":"wp","href":"https:\/\/api.w.org\/{rel}","templated":true}]}}