{"id":8136,"date":"2025-11-25T17:49:08","date_gmt":"2025-11-25T17:49:08","guid":{"rendered":"https:\/\/rcater.es\/product\/caja-celebracion-con-tarta\/"},"modified":"2025-11-25T18:23:07","modified_gmt":"2025-11-25T18:23:07","slug":"caja-celebracion-con-tarta","status":"publish","type":"product","link":"https:\/\/rcater.es\/en\/product\/caja-celebracion-con-tarta\/","title":{"rendered":"Caja Celebraci\u00f3n con Tarta"},"content":{"rendered":"<p>El pack completo para celebrar momentos especiales sin complicaciones. Cumplea\u00f1os, aniversarios, D\u00eda de la Madre, D\u00eda del Padre, ascensos, o simplemente porque hoy merece ser especial.<br \/>\nTu celebraci\u00f3n lista (480g + tarta):<\/p>\n<p>Tarta fondant de chocolate artesanal &#8211; El centro de tu festejo<br \/>\nVela de cumplea\u00f1os incluida &#8211; Lista para soplar<br \/>\nSalm\u00f3n ahumado con blinis y mayonesa de eneldo (100g)<br \/>\nFoie mi-cuit con crostinis y mermelada de cebolla (100g)<br \/>\nQueso Stilton premium (100g)<br \/>\nCrostinis extra (80g)<\/p>\n<p>Regalo especial:<br \/>\nBowl de cer\u00e1mica Fajalauza (Granada) &#8211; Artesan\u00eda que perdura m\u00e1s all\u00e1 del momento.<br \/>\nPara qui\u00e9n:<br \/>\nPerfecto para 2-4 personas que prefieren celebraciones \u00edntimas y de calidad. No necesitas comprar torta aparte ni preparar aperitivos.<br \/>\nPresentaci\u00f3n:<br \/>\nElegante caja blanca. Todo dispuesto para abrir y celebrar inmediatamente.<br \/>\nIdeal para: cumplea\u00f1os adultos, aniversarios de pareja, D\u00eda de la Madre, D\u00eda del Padre, jubilaciones, ascensos laborales, San Valent\u00edn en casa, Nochevieja para dos.<br \/>\nAviso: Contiene l\u00e1cteos, gluten, soja, huevo, sulfitos, mostaza, pescado.<\/p>","protected":false},"excerpt":{"rendered":"<p>Tu celebraci\u00f3n lista (480g + tarta):<\/p>\n<p>Tarta fondant de chocolate artesanal &#8211; El centro de tu festejo<br \/>\nVela de cumplea\u00f1os incluida &#8211; Lista para soplar<br \/>\nSalm\u00f3n ahumado con blinis y mayonesa de eneldo (100g)<br \/>\nFoie mi-cuit con crostinis y mermelada de cebolla (100g)<br \/>\nQueso Stilton premium (100g)<br \/>\nCrostinis extra (80g)<\/p>","protected":false},"featured_media":8141,"template":"","meta":{"site-sidebar-layout":"default","site-content-layout":"","ast-site-content-layout":"default","site-content-style":"default","site-sidebar-style":"default","ast-global-header-display":"","ast-banner-title-visibility":"","ast-main-header-display":"","ast-hfb-above-header-display":"","ast-hfb-below-header-display":"","ast-hfb-mobile-header-display":"","site-post-title":"","ast-breadcrumbs-content":"","ast-featured-img":"","footer-sml-layout":"","theme-transparent-header-meta":"default","adv-header-id-meta":"","stick-header-meta":"","header-above-stick-meta":"","header-main-stick-meta":"","header-below-stick-meta":"","astra-migrate-meta-layouts":"set","ast-page-background-enabled":"default","ast-page-background-meta":{"desktop":{"background-color":"","background-image":"","background-repeat":"repeat","background-position":"center center","background-size":"auto","background-attachment":"scroll","background-type":"","background-media":"","overlay-type":"","overlay-color":"","overlay-opacity":"","overlay-gradient":""},"tablet":{"background-color":"","background-image":"","background-repeat":"repeat","background-position":"center center","background-size":"auto","background-attachment":"scroll","background-type":"","background-media":"","overlay-type":"","overlay-color":"","overlay-opacity":"","overlay-gradient":""},"mobile":{"background-color":"","background-image":"","background-repeat":"repeat","background-position":"center center","background-size":"auto","background-attachment":"scroll","background-type":"","background-media":"","overlay-type":"","overlay-color":"","overlay-opacity":"","overlay-gradient":""}},"ast-content-background-meta":{"desktop":{"background-color":"var(--ast-global-color-5)","background-image":"","background-repeat":"repeat","background-position":"center center","background-size":"auto","background-attachment":"scroll","background-type":"","background-media":"","overlay-type":"","overlay-color":"","overlay-opacity":"","overlay-gradient":""},"tablet":{"background-color":"var(--ast-global-color-5)","background-image":"","background-repeat":"repeat","background-position":"center center","background-size":"auto","background-attachment":"scroll","background-type":"","background-media":"","overlay-type":"","overlay-color":"","overlay-opacity":"","overlay-gradient":""},"mobile":{"background-color":"var(--ast-global-color-5)","background-image":"","background-repeat":"repeat","background-position":"center center","background-size":"auto","background-attachment":"scroll","background-type":"","background-media":"","overlay-type":"","overlay-color":"","overlay-opacity":"","overlay-gradient":""}}},"product_brand":[],"product_cat":[113],"product_tag":[],"class_list":{"0":"post-8136","1":"product","2":"type-product","3":"status-publish","4":"has-post-thumbnail","6":"product_cat-cajas-regalos-gourmet","7":"desktop-align-left","8":"tablet-align-left","9":"mobile-align-left","11":"first","12":"instock","13":"sale","14":"taxable","15":"shipping-taxable","16":"purchasable","17":"product-type-simple"},"_links":{"self":[{"href":"https:\/\/rcater.es\/en\/wp-json\/wp\/v2\/product\/8136","targetHints":{"allow":["GET"]}}],"collection":[{"href":"https:\/\/rcater.es\/en\/wp-json\/wp\/v2\/product"}],"about":[{"href":"https:\/\/rcater.es\/en\/wp-json\/wp\/v2\/types\/product"}],"version-history":[{"count":1,"href":"https:\/\/rcater.es\/en\/wp-json\/wp\/v2\/product\/8136\/revisions"}],"predecessor-version":[{"id":8140,"href":"https:\/\/rcater.es\/en\/wp-json\/wp\/v2\/product\/8136\/revisions\/8140"}],"wp:featuredmedia":[{"embeddable":true,"href":"https:\/\/rcater.es\/en\/wp-json\/wp\/v2\/media\/8141"}],"wp:attachment":[{"href":"https:\/\/rcater.es\/en\/wp-json\/wp\/v2\/media?parent=8136"}],"wp:term":[{"taxonomy":"product_brand","embeddable":true,"href":"https:\/\/rcater.es\/en\/wp-json\/wp\/v2\/product_brand?post=8136"},{"taxonomy":"product_cat","embeddable":true,"href":"https:\/\/rcater.es\/en\/wp-json\/wp\/v2\/product_cat?post=8136"},{"taxonomy":"product_tag","embeddable":true,"href":"https:\/\/rcater.es\/en\/wp-json\/wp\/v2\/product_tag?post=8136"}],"curies":[{"name":"wp","href":"https:\/\/api.w.org\/{rel}","templated":true}]}}